{"id":87,"date":"2022-11-22T14:33:01","date_gmt":"2022-11-22T14:33:01","guid":{"rendered":"https:\/\/tuttisulpalco.it\/?page_id=87"},"modified":"2022-11-22T14:33:01","modified_gmt":"2022-11-22T14:33:01","slug":"laboratori-di-musica-di-insieme","status":"publish","type":"page","link":"https:\/\/tuttisulpalco.it\/index.php\/laboratori-di-musica-di-insieme\/","title":{"rendered":"Laboratori di musica di insieme"},"content":{"rendered":"\n<p>All&#8217;interno della nostra scuola parte integrante dell&#8217;insegnamento e della formazione \u00e8 la musica di insieme!<\/p>\n\n\n\n<p>Ogni allievo ha la possibilit\u00e0 di accedere attraverso incontri ai laboratori di musica di insieme in cui potr\u00e0 insieme ad altri allievi di tutti gli strumenti sperimentare quello che ha imparato attraverso le lezioni singole mettendo in pratica il bagaglio musicale acquisito .<\/p>\n\n\n\n<figure class=\"wp-block-image size-full\"><img loading=\"lazy\" decoding=\"async\" width=\"940\" height=\"788\" src=\"https:\/\/tuttisulpalco.it\/wp-content\/uploads\/2022\/11\/Oceani-Foto-Post-Facebook-7.png\" alt=\"\" class=\"wp-image-85\" srcset=\"https:\/\/tuttisulpalco.it\/wp-content\/uploads\/2022\/11\/Oceani-Foto-Post-Facebook-7.png 940w, https:\/\/tuttisulpalco.it\/wp-content\/uploads\/2022\/11\/Oceani-Foto-Post-Facebook-7-300x251.png 300w, https:\/\/tuttisulpalco.it\/wp-content\/uploads\/2022\/11\/Oceani-Foto-Post-Facebook-7-768x644.png 768w\" sizes=\"auto, (max-width: 940px) 100vw, 940px\" \/><\/figure>\n","protected":false},"excerpt":{"rendered":"<p>All&#8217;interno della nostra scuola parte integrante dell&#8217;insegnamento e della formazione \u00e8 la musica di insieme! Ogni allievo ha la possibilit\u00e0 di accedere attraverso incontri ai laboratori di musica di insieme in cui potr\u00e0 insieme ad altri allievi di tutti gli strumenti sperimentare<\/p>\n<p class=\"link-more\"><a class=\"myButt \" href=\"https:\/\/tuttisulpalco.it\/index.php\/laboratori-di-musica-di-insieme\/\">Read More<\/a><\/p>\n","protected":false},"author":1,"featured_media":0,"parent":0,"menu_order":0,"comment_status":"closed","ping_status":"closed","template":"","meta":{"footnotes":""},"class_list":["post-87","page","type-page","status-publish","hentry"],"yoast_head":"<!-- This site is optimized with the Yoast SEO plugin v19.10 - https:\/\/yoast.com\/wordpress\/plugins\/seo\/ -->\n<title>Laboratori di musica di insieme - Tutti sul Palco Academy<\/title>\n<meta name=\"robots\" content=\"index, follow, max-snippet:-1, max-image-preview:large, max-video-preview:-1\" \/>\n<link rel=\"canonical\" href=\"https:\/\/tuttisulpalco.it\/index.php\/laboratori-di-musica-di-insieme\/\" \/>\n<meta property=\"og:locale\" content=\"it_IT\" \/>\n<meta property=\"og:type\" content=\"article\" \/>\n<meta property=\"og:title\" content=\"Laboratori di musica di insieme - Tutti sul Palco Academy\" \/>\n<meta property=\"og:description\" content=\"All&#8217;interno della nostra scuola parte integrante dell&#8217;insegnamento e della formazione \u00e8 la musica di insieme! Ogni allievo ha la possibilit\u00e0 di accedere attraverso incontri ai laboratori di musica di insieme in cui potr\u00e0 insieme ad altri allievi di tutti gli strumenti sperimentareRead More\" \/>\n<meta property=\"og:url\" content=\"https:\/\/tuttisulpalco.it\/index.php\/laboratori-di-musica-di-insieme\/\" \/>\n<meta property=\"og:site_name\" content=\"Tutti sul Palco Academy\" \/>\n<meta property=\"og:image\" content=\"https:\/\/tuttisulpalco.it\/wp-content\/uploads\/2022\/11\/Oceani-Foto-Post-Facebook-7.png\" \/>\n<meta name=\"twitter:card\" content=\"summary_large_image\" \/>\n<meta name=\"twitter:label1\" content=\"Tempo di lettura stimato\" \/>\n\t<meta name=\"twitter:data1\" content=\"1 minuto\" \/>\n<script type=\"application\/ld+json\" class=\"yoast-schema-graph\">{\"@context\":\"https:\/\/schema.org\",\"@graph\":[{\"@type\":\"WebPage\",\"@id\":\"https:\/\/tuttisulpalco.it\/index.php\/laboratori-di-musica-di-insieme\/\",\"url\":\"https:\/\/tuttisulpalco.it\/index.php\/laboratori-di-musica-di-insieme\/\",\"name\":\"Laboratori di musica di insieme - Tutti sul Palco Academy\",\"isPartOf\":{\"@id\":\"https:\/\/tuttisulpalco.it\/#website\"},\"datePublished\":\"2022-11-22T14:33:01+00:00\",\"dateModified\":\"2022-11-22T14:33:01+00:00\",\"breadcrumb\":{\"@id\":\"https:\/\/tuttisulpalco.it\/index.php\/laboratori-di-musica-di-insieme\/#breadcrumb\"},\"inLanguage\":\"it-IT\",\"potentialAction\":[{\"@type\":\"ReadAction\",\"target\":[\"https:\/\/tuttisulpalco.it\/index.php\/laboratori-di-musica-di-insieme\/\"]}]},{\"@type\":\"BreadcrumbList\",\"@id\":\"https:\/\/tuttisulpalco.it\/index.php\/laboratori-di-musica-di-insieme\/#breadcrumb\",\"itemListElement\":[{\"@type\":\"ListItem\",\"position\":1,\"name\":\"Home\",\"item\":\"https:\/\/tuttisulpalco.it\/\"},{\"@type\":\"ListItem\",\"position\":2,\"name\":\"Laboratori di musica di insieme\"}]},{\"@type\":\"WebSite\",\"@id\":\"https:\/\/tuttisulpalco.it\/#website\",\"url\":\"https:\/\/tuttisulpalco.it\/\",\"name\":\"Tutti sul Palco Academy\",\"description\":\"La musica per tutti\",\"potentialAction\":[{\"@type\":\"SearchAction\",\"target\":{\"@type\":\"EntryPoint\",\"urlTemplate\":\"https:\/\/tuttisulpalco.it\/?s={search_term_string}\"},\"query-input\":\"required name=search_term_string\"}],\"inLanguage\":\"it-IT\"}]}<\/script>\n<!-- \/ Yoast SEO plugin. -->","yoast_head_json":{"title":"Laboratori di musica di insieme - Tutti sul Palco Academy","robots":{"index":"index","follow":"follow","max-snippet":"max-snippet:-1","max-image-preview":"max-image-preview:large","max-video-preview":"max-video-preview:-1"},"canonical":"https:\/\/tuttisulpalco.it\/index.php\/laboratori-di-musica-di-insieme\/","og_locale":"it_IT","og_type":"article","og_title":"Laboratori di musica di insieme - Tutti sul Palco Academy","og_description":"All&#8217;interno della nostra scuola parte integrante dell&#8217;insegnamento e della formazione \u00e8 la musica di insieme! Ogni allievo ha la possibilit\u00e0 di accedere attraverso incontri ai laboratori di musica di insieme in cui potr\u00e0 insieme ad altri allievi di tutti gli strumenti sperimentareRead More","og_url":"https:\/\/tuttisulpalco.it\/index.php\/laboratori-di-musica-di-insieme\/","og_site_name":"Tutti sul Palco Academy","og_image":[{"url":"https:\/\/tuttisulpalco.it\/wp-content\/uploads\/2022\/11\/Oceani-Foto-Post-Facebook-7.png"}],"twitter_card":"summary_large_image","twitter_misc":{"Tempo di lettura stimato":"1 minuto"},"schema":{"@context":"https:\/\/schema.org","@graph":[{"@type":"WebPage","@id":"https:\/\/tuttisulpalco.it\/index.php\/laboratori-di-musica-di-insieme\/","url":"https:\/\/tuttisulpalco.it\/index.php\/laboratori-di-musica-di-insieme\/","name":"Laboratori di musica di insieme - Tutti sul Palco Academy","isPartOf":{"@id":"https:\/\/tuttisulpalco.it\/#website"},"datePublished":"2022-11-22T14:33:01+00:00","dateModified":"2022-11-22T14:33:01+00:00","breadcrumb":{"@id":"https:\/\/tuttisulpalco.it\/index.php\/laboratori-di-musica-di-insieme\/#breadcrumb"},"inLanguage":"it-IT","potentialAction":[{"@type":"ReadAction","target":["https:\/\/tuttisulpalco.it\/index.php\/laboratori-di-musica-di-insieme\/"]}]},{"@type":"BreadcrumbList","@id":"https:\/\/tuttisulpalco.it\/index.php\/laboratori-di-musica-di-insieme\/#breadcrumb","itemListElement":[{"@type":"ListItem","position":1,"name":"Home","item":"https:\/\/tuttisulpalco.it\/"},{"@type":"ListItem","position":2,"name":"Laboratori di musica di insieme"}]},{"@type":"WebSite","@id":"https:\/\/tuttisulpalco.it\/#website","url":"https:\/\/tuttisulpalco.it\/","name":"Tutti sul Palco Academy","description":"La musica per tutti","potentialAction":[{"@type":"SearchAction","target":{"@type":"EntryPoint","urlTemplate":"https:\/\/tuttisulpalco.it\/?s={search_term_string}"},"query-input":"required name=search_term_string"}],"inLanguage":"it-IT"}]}},"_links":{"self":[{"href":"https:\/\/tuttisulpalco.it\/index.php\/wp-json\/wp\/v2\/pages\/87","targetHints":{"allow":["GET"]}}],"collection":[{"href":"https:\/\/tuttisulpalco.it\/index.php\/wp-json\/wp\/v2\/pages"}],"about":[{"href":"https:\/\/tuttisulpalco.it\/index.php\/wp-json\/wp\/v2\/types\/page"}],"author":[{"embeddable":true,"href":"https:\/\/tuttisulpalco.it\/index.php\/wp-json\/wp\/v2\/users\/1"}],"replies":[{"embeddable":true,"href":"https:\/\/tuttisulpalco.it\/index.php\/wp-json\/wp\/v2\/comments?post=87"}],"version-history":[{"count":1,"href":"https:\/\/tuttisulpalco.it\/index.php\/wp-json\/wp\/v2\/pages\/87\/revisions"}],"predecessor-version":[{"id":88,"href":"https:\/\/tuttisulpalco.it\/index.php\/wp-json\/wp\/v2\/pages\/87\/revisions\/88"}],"wp:attachment":[{"href":"https:\/\/tuttisulpalco.it\/index.php\/wp-json\/wp\/v2\/media?parent=87"}],"curies":[{"name":"wp","href":"https:\/\/api.w.org\/{rel}","templated":true}]}}